{"id":2,"date":"2025-01-30T13:09:21","date_gmt":"2025-01-30T13:09:21","guid":{"rendered":"https:\/\/sevgitek.com\/?page_id=2"},"modified":"2025-02-16T23:46:07","modified_gmt":"2025-02-16T23:46:07","slug":"sample-page","status":"publish","type":"page","link":"https:\/\/sevgitek.com\/?page_id=2","title":{"rendered":"Bizim haqq\u0131m\u0131zda"},"content":{"rendered":"\r\n<p><strong>SEGVITEK v\u0259 Veb Xidm\u0259tl\u0259ri: Sayt Yaratma v\u0259 Hosting H\u0259ll\u0259ri<\/strong><\/p>\r\n<p>R\u0259q\u0259msal d\u00fcnyada biznesinizi m\u00fck\u0259mm\u0259l \u015f\u0259kild\u0259 t\u0259msil etm\u0259k \u00fc\u00e7\u00fcn pe\u015f\u0259kar bir sayt yarat vacibdir.\u00a0<strong>SEGVITEK<\/strong>\u00a0veb studiyas\u0131 m\u00fcs\u0259t\u0259ri ehtiyaclar\u0131na uygun, funksional v\u0259 estetik bax\u0131mdan cazib\u0259dar veb h\u0259ll\u0259ri t\u0259klif edir.\u00a0<strong>Sayt yarat<\/strong>\u00a0v\u0259\u00a0<strong>sayt\u0131n haz\u0131rlanmas\u0131<\/strong>\u00a0sah\u0259sind\u0259 ixtisasla\u015fm\u0131\u015f komandam\u0131z, biznesiniz\u0259 \u00f6z\u0259l innovativ texnologiyalar\u0131n istifad\u0259si il\u0259 d\u0259st\u0259k verir.<\/p>\r\n<h3 class=\"wp-block-heading\"><strong>Bizim ixtisasla\u015fmam\u0131z<\/strong><\/h3>\r\n<p>Biz, SEGVITEK olaraq,\u00a0<strong>hostinq almaq<\/strong>,\u00a0<strong>domain yoxlamaq<\/strong>,\u00a0<strong>xeber ver xidm\u0259ti<\/strong>,\u00a0<strong>\u00e7at adlar\u0131 yeni<\/strong>\u00a0v\u0259 veb saytlar\u0131n yarad\u0131lmas\u0131 sah\u0259l\u0259rind\u0259 ixtisasla\u015fm\u0131\u015fq. M\u0259qs\u0259dimiz, m\u00fc\u015ft\u0259ril\u0259rimiz\u0259 h\u0259r t\u0259r\u0259fli v\u0259 effektiv onlayn h\u0259ll\u0259r t\u0259klif ed\u0259r\u0259k, r\u0259q\u0259msal m\u00fckafatlar\u0131n\u0131z\u0131 art\u0131rmaq v\u0259 biznesinizi onlayn m\u0259kanda m\u00fck\u0259mm\u0259l t\u0259qdim etm\u0259kdir.<\/p>\r\n<h3 class=\"wp-block-heading\"><strong>Sayt yaratma xidm\u0259tl\u0259rimiz<\/strong><\/h3>\r\n<p><strong>Sayt yarat<\/strong>\u00a0xidm\u0259ti say\u0259sind\u0259 m\u0259qs\u0259diniz\u0259 \u00f6z\u0259l dizayn v\u0259 funksiyaall\u0131q t\u0259klif edirik. S\u0131f\u0131rdan yarad\u0131lan veb saytlar a\u015fa\u011f\u0131dak\u0131 m\u00fch\u00fcm add\u0131mlar\u0131 ehtiva edir:<\/p>\r\n<ul class=\"wp-block-list\">\r\n<li><strong>F\u0259rdi dizayn<\/strong>\u00a0\u2013 Sayt\u0131n\u0131z\u0131n brend imiciniz\u0259 uy\u011fun unikal dizayn.<\/li>\r\n<li><strong>Mobil dostu interfeys<\/strong>\u00a0\u2013 R\u0259q\u0259msal m\u0259kan\u0131n \u0259sas standartlar\u0131na cavab ver\u0259n optimizasiya olunmu\u015f dizayn.<\/li>\r\n<li><strong>SEO optimizasiya<\/strong>\u00a0\u2013 Axtar\u0131\u015f motorlar\u0131nda \u00f6n s\u0131ralarda \u00e7\u0131xma imkan\u0131.<\/li>\r\n<li><strong>Funksionall\u0131q v\u0259 texniki d\u0259st\u0259k<\/strong>\u00a0\u2013 Veb sayt\u0131n uzun m\u00fcd\u0259tli istifad\u0259sini t\u0259min ed\u0259n texniki bax\u0131m.<\/li>\r\n<\/ul>\r\n<h3 class=\"wp-block-heading\"><strong>Hosting almaq v\u0259 domain yoxlamaq<\/strong><\/h3>\r\n<p>Sayt yaratma prosesind\u0259 \u00e9tibarl\u0131 bir hosting xidm\u0259tinin olmas\u0131 vacibdir.\u00a0<strong>Hosting almaq<\/strong>\u00a0xidm\u0259timiz veb sayt\u0131n\u0131z\u0131 24\/7 fasil\u0259siz i\u015fl\u0259m\u0259sini t\u0259min edir.<\/p>\r\n<p><strong>Domain yoxlamaq<\/strong>\u00a0xidm\u0259timizl\u0259 siz biznesiniz \u00fc\u00e7\u00fcn ideal v\u0259 yadda qalan domain adlar\u0131 t\u0259yin ed\u0259 bil\u0259rsiniz. Veb sayt\u0131n\u0131z\u0131n brendini g\u00fccl\u0259ndirm\u0259k \u00fc\u00e7\u00fcn f\u0259rdi domen ad\u0131 \u00e7ox vacibdir.<\/p>\r\n<h3 class=\"wp-block-heading\"><strong>X\u0259b\u0259r ver xidm\u0259ti<\/strong><\/h3>\r\n<p>SEGVITEK olaraq,\u00a0<strong>xeber ver xidm\u0259ti<\/strong>\u00a0t\u0259klif edirik. Bu, biznesinizin m\u0259\u015fhurlu\u011funu art\u0131rmaq v\u0259 yenilikl\u0259ri izl\u0259yici auditoriyan\u0131za \u00e7atd\u0131rmaq \u00fc\u00e7\u00fcn ideal h\u0259ll\u0259r t\u0259qdim edir. X\u0259b\u0259r yay\u0131m xidm\u0259tl\u0259rimiz vasit\u0259sil\u0259 markan\u0131z\u0131n \u0259h\u0259miyy\u0259tini art\u0131r\u0131n!<\/p>\r\n<h3 class=\"wp-block-heading\"><strong>\u00c7at adlar\u0131 yeni v\u0259 unikal veb d\u0259rcl\u0259r<\/strong><\/h3>\r\n<p>D\u00f6vr\u00fcn r\u0259q\u0259msal yenilikl\u0259rin\u0259 uy\u011fun \u015f\u0259kild\u0259\u00a0<strong>\u00e7at adlar\u0131 yeni<\/strong>\u00a0xidm\u0259ti t\u0259klif edirik. Yeni v\u0259 innovativ chat sisteml\u0259ri m\u0259\u015ft\u0259ril\u0259rinizl\u0259 \u0259laq\u0259 yaratmaq \u00fc\u00e7\u00fcn ideal platformalar yarada bil\u0259r.<\/p>\r\n<h3 class=\"wp-block-heading\"><strong>Niy\u0259 bizi se\u00e7m\u0259lisiniz?<\/strong><\/h3>\r\n<ul class=\"wp-block-list\">\r\n<li><strong>Pe\u015f\u0259kar komanda<\/strong>\u00a0\u2013 Sah\u0259sind\u0259 ixtisasla\u015fm\u0131\u015f t\u0259cr\u00fcb\u0259li m\u00fct\u0259x\u0259ssisl\u0259r.<\/li>\r\n<li><strong>M\u00fc\u015ft\u0259riy\u0259 \u00f6z\u0259l yana\u015fma<\/strong>\u00a0\u2013 H\u0259r biznes \u00fc\u00e7\u00fcn f\u0259rdi h\u0259ll\u0259r t\u0259klif edirik.<\/li>\r\n<li><strong>Davaml\u0131 texniki d\u0259st\u0259k<\/strong>\u00a0\u2013 H\u0259r zaman yan\u0131n\u0131zday\u0131q.<\/li>\r\n<\/ul>\r\n<p>SEGVITEK v\u0259b xidm\u0259tl\u0259ri il\u0259 biznesinizi onlayn m\u0259kanda yeni s\u0259viyy\u0259y\u0259 qald\u0131r\u0131n! Biziml\u0259 \u0259laq\u0259 saxlay\u0131n v\u0259 veb d\u00fcnyada m\u00fck\u0259mm\u0259l bir add\u0131m at\u0131n!<\/p>\r\n","protected":false},"excerpt":{"rendered":"<p>SEGVITEK v\u0259 Veb Xidm\u0259tl\u0259ri: Sayt Yaratma v\u0259 Hosting H\u0259ll\u0259ri R\u0259q\u0259msal d\u00fcnyada biznesinizi m\u00fck\u0259mm\u0259l \u015f\u0259kild\u0259 t\u0259msil etm\u0259k \u00fc\u00e7\u00fcn pe\u015f\u0259kar bir sayt yarat vacibdir.\u00a0SEGVITEK\u00a0veb studiyas\u0131 m\u00fcs\u0259t\u0259ri ehtiyaclar\u0131na uygun, funksional v\u0259 estetik bax\u0131mdan cazib\u0259dar veb h\u0259ll\u0259ri t\u0259klif edir.\u00a0Sayt yarat\u00a0v\u0259\u00a0sayt\u0131n haz\u0131rlanmas\u0131\u00a0sah\u0259sind\u0259 ixtisasla\u015fm\u0131\u015f komandam\u0131z, biznesiniz\u0259 \u00f6z\u0259l innovativ texnologiyalar\u0131n istifad\u0259si il\u0259 d\u0259st\u0259k verir. Bizim ixtisasla\u015fmam\u0131z Biz, SEGVITEK olaraq,\u00a0hostinq almaq,\u00a0domain yoxlamaq,\u00a0xeber ver [&hellip;]<\/p>\n","protected":false},"author":1,"featured_media":0,"parent":0,"menu_order":0,"comment_status":"closed","ping_status":"open","template":"","meta":{"footnotes":""},"class_list":["post-2","page","type-page","status-publish","hentry"],"aioseo_notices":[],"_links":{"self":[{"href":"https:\/\/sevgitek.com\/index.php?rest_route=\/wp\/v2\/pages\/2","targetHints":{"allow":["GET"]}}],"collection":[{"href":"https:\/\/sevgitek.com\/index.php?rest_route=\/wp\/v2\/pages"}],"about":[{"href":"https:\/\/sevgitek.com\/index.php?rest_route=\/wp\/v2\/types\/page"}],"author":[{"embeddable":true,"href":"https:\/\/sevgitek.com\/index.php?rest_route=\/wp\/v2\/users\/1"}],"replies":[{"embeddable":true,"href":"https:\/\/sevgitek.com\/index.php?rest_route=%2Fwp%2Fv2%2Fcomments&post=2"}],"version-history":[{"count":2,"href":"https:\/\/sevgitek.com\/index.php?rest_route=\/wp\/v2\/pages\/2\/revisions"}],"predecessor-version":[{"id":31,"href":"https:\/\/sevgitek.com\/index.php?rest_route=\/wp\/v2\/pages\/2\/revisions\/31"}],"wp:attachment":[{"href":"https:\/\/sevgitek.com\/index.php?rest_route=%2Fwp%2Fv2%2Fmedia&parent=2"}],"curies":[{"name":"wp","href":"https:\/\/api.w.org\/{rel}","templated":true}]}}